{"id":2916,"date":"2017-08-22T15:45:29","date_gmt":"2017-08-22T15:45:29","guid":{"rendered":"http:\/\/www.tfci.ca\/testimonials\/"},"modified":"2026-05-08T00:19:34","modified_gmt":"2026-05-08T00:19:34","slug":"temoignages","status":"publish","type":"page","link":"https:\/\/tfci.ca\/fr\/temoignages\/","title":{"rendered":"T\u00e9moignages"},"content":{"rendered":"[vc_row type=\u00a0\u00bbin_container\u00a0\u00bb full_screen_row_position=\u00a0\u00bbmiddle\u00a0\u00bb scene_position=\u00a0\u00bbcenter\u00a0\u00bb text_color=\u00a0\u00bbdark\u00a0\u00bb text_align=\u00a0\u00bbleft\u00a0\u00bb top_padding=\u00a0\u00bb40&Prime; overlay_strength=\u00a0\u00bb0.3&Prime;][vc_column column_padding=\u00a0\u00bbno-extra-padding\u00a0\u00bb column_padding_position=\u00a0\u00bball\u00a0\u00bb background_color_opacity=\u00a0\u00bb1&Prime; background_hover_color_opacity=\u00a0\u00bb1&Prime; column_shadow=\u00a0\u00bbnone\u00a0\u00bb width=\u00a0\u00bb1\/1&Prime; tablet_text_alignment=\u00a0\u00bbdefault\u00a0\u00bb phone_text_alignment=\u00a0\u00bbdefault\u00a0\u00bb column_border_width=\u00a0\u00bbnone\u00a0\u00bb column_border_style=\u00a0\u00bbsolid\u00a0\u00bb][vc_column_text css=\u00a0\u00bb.vc_custom_1505799404738{margin-bottom: 40px !important;}\u00a0\u00bb]<strong>Vous croyez que votre probl\u00e8me est trop complexe ou unique? Laissez-nous vous rassurer. Nos conseillers ont une excellente expertise financi\u00e8re. Voici quelques exemples de t\u00e9moignages re\u00e7us.<\/strong><\/p>\n<p>Notez qu\u2019aucun client n\u2019accepte de publier ses difficult\u00e9s financi\u00e8res m\u00eame si leurs probl\u00e8mes ont \u00e9t\u00e9 r\u00e9sous depuis, cependant, les noms ont \u00e9t\u00e9 retenus pour respecter la confidentialit\u00e9 de nos clients. Naturellement, la m\u00eame discr\u00e9tion est accord\u00e9e \u00e0 tous nos clients.[\/vc_column_text][vc_column_text css=\u00a0\u00bb.vc_custom_1505799416611{margin-bottom: 40px !important;}\u00a0\u00bb]\n<h2>T\u00e9moignage de nos clients<\/h2>\n[\/vc_column_text][vc_column_text]\n<blockquote><p>\u00abComme nouvelle entreprise, nous n\u2019avions pas de contr\u00f4leur, et cela paraissait, puisqu\u2019on avait perdu tout contr\u00f4le. On \u00e9tait tellement occup\u00e9 avec le d\u00e9veloppement de nos produits et de notre client\u00e8le qu\u2019il ne restait plus de temps pour organiser nos finances. Nous \u00e9tions au point ou l\u2019\u00e9tat de nos finances nous \u00e9tait inconnu et on ne pouvait y assigner personne puisque tout notre personnel \u00e9tait d\u00e9bord\u00e9 de travail traitant d\u2019autres fonctions cruciales. Finalement, nous avons d\u00e9cid\u00e9 que cela ne pouvait continuer et nous avons fait appel \u00e0 TFCI suite \u00e0 la recommandation d\u2019un ami. Tout ce que je peux dire, c\u2019est qu\u2019au d\u00e9but, nous avons \u00e9t\u00e9 rappel\u00e9s brutalement \u00e0 la r\u00e9alit\u00e9 caus\u00e9e par notre n\u00e9gligence financi\u00e8re. Imm\u00e9diatement, TFCI a d\u00e9couvert que le gouvernement nous avait radi\u00e9s de leur r\u00e9pertoire d\u2019enregistrement pour ne pas avoir soumis nos d\u00e9clarations, en fait notre compagnie \u00e9tait ferm\u00e9e sans qu\u2019on le sache! Effectivement, nous avions beaucoup de le\u00e7ons \u00e0 apprendre \u00e0 propos des fonctions journali\u00e8res pour garder notre entreprise. TFCI s\u2019est charg\u00e9 des probl\u00e8mes les plus urgents et nous a \u00e9duqu\u00e9s sur la fa\u00e7on de proc\u00e9der dor\u00e9navant! C\u2019est avec gratitude et enthousiasme que j\u2019\u00e9cris ce t\u00e9moignage, tout en \u00e9tant reconnaissant envers mon ami qui nous a r\u00e9f\u00e9r\u00e9 TFCI Merci, les gars ! \u00bb<\/p><\/blockquote>\n<blockquote><p>\u00ab Je me suis lanc\u00e9 en affaires il y a cinq ans, et comme nouveau venu, j\u2019ai commis toutes les fautes possibles connues \u00e0 l\u2019homme. Sous peu, mes conditions de cr\u00e9dit \u00e9taient en d\u00e9sordre et je ne pouvais plus me procurer de pr\u00eats. Avec la possibilit\u00e9 d\u2019une faillite sur mes \u00e9paules, j\u2019ai fait appel \u00e0 TFCI, mon dernier espoir. D\u00e8s ma premi\u00e8re rencontre avec eux, j\u2019ai regagn\u00e9 l\u2019optimisme d\u2019entrepreneur qui m\u2019avait abandonn\u00e9. Ils avaient un syst\u00e8me pour nettoyer le fouillis que j\u2019avais cr\u00e9\u00e9 et ils m\u2019ont pos\u00e9 toutes les bonnes questions pour me donner une vision et un plan que je n\u2019aurai jamais con\u00e7u tout seul. Maintenant, mes conditions de cr\u00e9dit s\u2019am\u00e9liorent et je suis sur la route du profit et du d\u00e9veloppement. J\u2019attribue \u00e0 TFCI le m\u00e9rite d\u2019avoir sauv\u00e9 ma compagnie de la ruine m\u2019\u00e9vitant ainsi les cons\u00e9quences d\u00e9sastreuses que j\u2019aurais subies pour le reste de ma vie. \u00bb<\/p><\/blockquote>\n<blockquote><p>\u00ab Les films sont ma passion. Les chiffres \u00e9taient ma mal\u00e9diction. Quand j\u2019ai amorc\u00e9 ma compagnie, j\u2019avais des r\u00eaves de raconter des histoires, pas de tra\u00eener devant un bureau en regardant un tas de relev\u00e9s pendant toute la journ\u00e9e. Donc, \u00e0 chaque fois qu\u2019un tel papier arrivait dans le courrier, sans m\u00eame l\u2019ouvrir, je le jetais dans une boite et pensais \u00e0 moi-m\u00eame, \u00abOuais ouais, PLUS TARD. \u00bb Bien s\u00fbr, \u00abPLUS TARD \u00bb n\u2019arrivait jamais, et tr\u00e8s vite, ma boite \u00e9tait remplie. Je me sentais d\u00e9bord\u00e9. \u00bb<\/p><\/blockquote>\n<blockquote><p>\u00ab Avec ma carri\u00e8re de r\u00eave en p\u00e9ril, j\u2019ai pris mon courage \u00e0 deux mains et j\u2019ai contact\u00e9 TFCI. Je leur ai apport\u00e9 ma boite embarrassante de courrier \u00abPLUS TARD \u00bb. \u00c0 ma surprise, ils l\u2019ont prise et avec un bon sens de l\u2019humour, ils m\u2019ont par la suite racont\u00e9 en plaisantant qu\u2019ils ont mis deux heures uniquement pour ouvrir le courrier! Heureusement, les cons\u00e9quences de mes actions n\u2019\u00e9taient pas fatales \u00e0 mon entreprise, bien qu\u2019il ait fallu que je visite la banque plusieurs fois et que je me force \u00e0 regarder les chiffres. Mais cette fois-ci, TFCI \u00e9tait l\u00e0 avec moi pour m\u2019aider \u00e0 les comprendre et pour me faire r\u00e9aliser qu\u2019avec un peu de pratique et de patience, la paperasse n\u2019est pas aussi douloureuse que je pensais apr\u00e8s tout! Gr\u00e2ce \u00e0 leurs conseils, j\u2019ai pris confiance dans la gestion de mes finances, ce qui me donne la paix d\u2019esprit pour savourer compl\u00e8tement ce que j\u2019aime faire. Si vous pensiez \u00e0 les contacter, ne pensez plus. Appelez-les! \u00bb<\/p><\/blockquote>\n[\/vc_column_text][\/vc_column][\/vc_row]\n","protected":false},"excerpt":{"rendered":"<p>[vc_row type=\u00a0\u00bbin_container\u00a0\u00bb full_screen_row_position=\u00a0\u00bbmiddle\u00a0\u00bb scene_position=\u00a0\u00bbcenter\u00a0\u00bb text_color=\u00a0\u00bbdark\u00a0\u00bb text_align=\u00a0\u00bbleft\u00a0\u00bb top_padding=\u00a0\u00bb40&Prime; overlay_strength=\u00a0\u00bb0.3&Prime;][vc_column column_padding=\u00a0\u00bbno-extra-padding\u00a0\u00bb column_padding_position=\u00a0\u00bball\u00a0\u00bb background_color_opacity=\u00a0\u00bb1&Prime; background_hover_color_opacity=\u00a0\u00bb1&Prime; column_shadow=\u00a0\u00bbnone\u00a0\u00bb width=\u00a0\u00bb1\/1&Prime; tablet_text_alignment=\u00a0\u00bbdefault\u00a0\u00bb phone_text_alignment=\u00a0\u00bbdefault\u00a0\u00bb column_border_width=\u00a0\u00bbnone\u00a0\u00bb column_border_style=\u00a0\u00bbsolid\u00a0\u00bb][vc_column_text css=\u00a0\u00bb.vc_custom_1505799404738{margin-bottom: 40px !important;}\u00a0\u00bb]Vous croyez que votre probl\u00e8me est trop complexe ou unique?&#8230;<\/p>\n","protected":false},"author":1,"featured_media":0,"parent":0,"menu_order":0,"comment_status":"closed","ping_status":"closed","template":"","meta":{"footnotes":""},"class_list":["post-2916","page","type-page","status-publish"],"_links":{"self":[{"href":"https:\/\/tfci.ca\/fr\/wp-json\/wp\/v2\/pages\/2916","targetHints":{"allow":["GET"]}}],"collection":[{"href":"https:\/\/tfci.ca\/fr\/wp-json\/wp\/v2\/pages"}],"about":[{"href":"https:\/\/tfci.ca\/fr\/wp-json\/wp\/v2\/types\/page"}],"author":[{"embeddable":true,"href":"https:\/\/tfci.ca\/fr\/wp-json\/wp\/v2\/users\/1"}],"replies":[{"embeddable":true,"href":"https:\/\/tfci.ca\/fr\/wp-json\/wp\/v2\/comments?post=2916"}],"version-history":[{"count":0,"href":"https:\/\/tfci.ca\/fr\/wp-json\/wp\/v2\/pages\/2916\/revisions"}],"wp:attachment":[{"href":"https:\/\/tfci.ca\/fr\/wp-json\/wp\/v2\/media?parent=2916"}],"curies":[{"name":"wp","href":"https:\/\/api.w.org\/{rel}","templated":true}]}}