{"id":2914,"date":"2017-08-22T15:44:21","date_gmt":"2017-08-22T15:44:21","guid":{"rendered":"http:\/\/www.tfci.ca\/services\/"},"modified":"2026-05-08T00:18:05","modified_gmt":"2026-05-08T00:18:05","slug":"services-2","status":"publish","type":"page","link":"https:\/\/tfci.ca\/fr\/services-2\/","title":{"rendered":"Nos services"},"content":{"rendered":"[vc_row type=\u00a0\u00bbin_container\u00a0\u00bb full_screen_row_position=\u00a0\u00bbmiddle\u00a0\u00bb scene_position=\u00a0\u00bbcenter\u00a0\u00bb text_color=\u00a0\u00bbdark\u00a0\u00bb text_align=\u00a0\u00bbleft\u00a0\u00bb top_padding=\u00a0\u00bb40&Prime; overlay_strength=\u00a0\u00bb0.3&Prime;][vc_column column_padding=\u00a0\u00bbno-extra-padding\u00a0\u00bb column_padding_position=\u00a0\u00bball\u00a0\u00bb background_color_opacity=\u00a0\u00bb1&Prime; background_hover_color_opacity=\u00a0\u00bb1&Prime; column_shadow=\u00a0\u00bbnone\u00a0\u00bb width=\u00a0\u00bb1\/1&Prime; tablet_text_alignment=\u00a0\u00bbdefault\u00a0\u00bb phone_text_alignment=\u00a0\u00bbdefault\u00a0\u00bb column_border_width=\u00a0\u00bbnone\u00a0\u00bb column_border_style=\u00a0\u00bbsolid\u00a0\u00bb][vc_column_text]\n<p>Votre entreprise souffre-t-elle parce que vous \u00eates d\u00e9bord\u00e9 et ne parvenez jamais \u00e0 g\u00e9rer ad\u00e9quatement les budgets, les livres comptables, les d\u00e9clarations de revenus et d\u2019autres documents financiers de ce type? Des milliers d\u2019entreprises, particuli\u00e8rement les petites entreprises et les startups, sont dans cette m\u00eame situation. Alors que beaucoup d\u2019entre elles sont remplies de personnes talentueuses et passionn\u00e9es par ce qu\u2019elles font, leurs entreprises luttent et \u00e9chouent souvent, car elles n\u2019ont pas l\u2019exp\u00e9rience et le temps n\u00e9cessaires pour les administrer correctement.<\/p>\n<p>Si cela vous semble trop familier, vous avez maintenant une solution puissante. Ne vous laissez pas tomber dans une autre trag\u00e9die commerciale. Ne laissez pas votre entreprise se noyer dans la paperasserie et la dette due \u00e0 la mauvaise gestion et la d\u00e9sorganisation. Nous sommes l\u00e0 pour vous pr\u00eater main-forte et vous ramener sur le bon chemin.<\/p>\n<p>Notre mission est d\u2019\u00e9tablir le bien-\u00eatre financier et administratif des entreprises dans le besoin afin qu\u2019elles aient la possibilit\u00e9 de prosp\u00e9rer et de s\u2019\u00e9lever \u00e0 la hauteur de leur potentiel.<\/p>\n<h2>Tenue de livre<\/h2>\n<p>Les entrepreneurs qui manquent de temps (ou de patience) afin de classer leurs re\u00e7us et factures nous font confiance afin de transf\u00e9rer et organiser ces donn\u00e9es sur leurs logiciels de comptabilit\u00e9. Il en est de m\u00eame pour la tenue de leurs \u00e9tats financiers mensuels. De plus, nous nous effor\u00e7ons fr\u00e9quemment d\u2019aller \u00e0 la rencontre de nos clients afin de nouer un meilleur contact et offrir des services de qualit\u00e9 personnalis\u00e9s. Ainsi, nous pouvons les garder inform\u00e9s en ce qui concerne les derniers d\u00e9veloppements de comptabilit\u00e9 de leur entreprise et nous assurer qu\u2019ils demeurent conformes aux r\u00e8glements f\u00e9d\u00e9raux et provinciaux.<\/p>\n<h2>Impartition<\/h2>\n<p>Certaines compagnies sont trop petites et ne poss\u00e8dent pas les ressources financi\u00e8res n\u00e9cessaires afin d\u2019engager un contr\u00f4leur ou un vice-pr\u00e9sident des finances \u00e0 temps plein. D\u2019autres se retrouvent sans personnel ad\u00e9quat apr\u00e8s un d\u00e9part soudain de ceux-ci. Ces compagnies font appel \u00e0 TFCI pour les aider \u00e0 reprendre en main leur administration financi\u00e8re. Dans ce r\u00f4le, TFCI \u00e9tablit et cultive des relations avec les diff\u00e9rents \u00e9tablissements bancaires et gouvernementaux, pr\u00e9pare les \u00e9tats financiers de la compagnie, g\u00e8rent la tr\u00e9sorerie, autorise les d\u00e9penses, ainsi que tout autre r\u00f4le financier en r\u00e9ponses aux besoins sp\u00e9cifiques de chaque entreprise.<\/p>\n<h2>Consultation aupr\u00e8s des entreprises<\/h2>\n<p>Notre expertise nous permet de guider nos clients \u00e0 travers des situations financi\u00e8res difficiles et parfois uniques en ce qui concerne leurs taxes personnelles ou corporatives.<\/p>\n<h2>Projets sp\u00e9ciaux<\/h2>\n<p>TFCI offre des services de projets sp\u00e9ciaux sur mesure et adapt\u00e9s aux besoins du client.<\/p>\n[\/vc_column_text][\/vc_column][\/vc_row]\n","protected":false},"excerpt":{"rendered":"<p>[vc_row type=\u00a0\u00bbin_container\u00a0\u00bb full_screen_row_position=\u00a0\u00bbmiddle\u00a0\u00bb scene_position=\u00a0\u00bbcenter\u00a0\u00bb text_color=\u00a0\u00bbdark\u00a0\u00bb text_align=\u00a0\u00bbleft\u00a0\u00bb top_padding=\u00a0\u00bb40&Prime; overlay_strength=\u00a0\u00bb0.3&Prime;][vc_column column_padding=\u00a0\u00bbno-extra-padding\u00a0\u00bb column_padding_position=\u00a0\u00bball\u00a0\u00bb background_color_opacity=\u00a0\u00bb1&Prime; background_hover_color_opacity=\u00a0\u00bb1&Prime; column_shadow=\u00a0\u00bbnone\u00a0\u00bb width=\u00a0\u00bb1\/1&Prime; tablet_text_alignment=\u00a0\u00bbdefault\u00a0\u00bb phone_text_alignment=\u00a0\u00bbdefault\u00a0\u00bb column_border_width=\u00a0\u00bbnone\u00a0\u00bb column_border_style=\u00a0\u00bbsolid\u00a0\u00bb][vc_column_text] Votre entreprise souffre-t-elle parce que vous \u00eates d\u00e9bord\u00e9 et ne parvenez jamais&#8230;<\/p>\n","protected":false},"author":1,"featured_media":0,"parent":0,"menu_order":0,"comment_status":"closed","ping_status":"closed","template":"","meta":{"footnotes":""},"class_list":["post-2914","page","type-page","status-publish"],"_links":{"self":[{"href":"https:\/\/tfci.ca\/fr\/wp-json\/wp\/v2\/pages\/2914","targetHints":{"allow":["GET"]}}],"collection":[{"href":"https:\/\/tfci.ca\/fr\/wp-json\/wp\/v2\/pages"}],"about":[{"href":"https:\/\/tfci.ca\/fr\/wp-json\/wp\/v2\/types\/page"}],"author":[{"embeddable":true,"href":"https:\/\/tfci.ca\/fr\/wp-json\/wp\/v2\/users\/1"}],"replies":[{"embeddable":true,"href":"https:\/\/tfci.ca\/fr\/wp-json\/wp\/v2\/comments?post=2914"}],"version-history":[{"count":0,"href":"https:\/\/tfci.ca\/fr\/wp-json\/wp\/v2\/pages\/2914\/revisions"}],"wp:attachment":[{"href":"https:\/\/tfci.ca\/fr\/wp-json\/wp\/v2\/media?parent=2914"}],"curies":[{"name":"wp","href":"https:\/\/api.w.org\/{rel}","templated":true}]}}