{"id":2912,"date":"2017-08-23T16:23:02","date_gmt":"2017-08-23T16:23:02","guid":{"rendered":"http:\/\/www.tfci.ca\/our-team\/"},"modified":"2017-08-23T16:23:02","modified_gmt":"2017-08-23T16:23:02","slug":"notre-equipe","status":"publish","type":"page","link":"https:\/\/tfci.ca\/fr\/notre-equipe\/","title":{"rendered":"Notre \u00e9quipe"},"content":{"rendered":"[vc_row type=\u00a0\u00bbin_container\u00a0\u00bb full_screen_row_position=\u00a0\u00bbmiddle\u00a0\u00bb scene_position=\u00a0\u00bbcenter\u00a0\u00bb text_color=\u00a0\u00bbdark\u00a0\u00bb text_align=\u00a0\u00bbleft\u00a0\u00bb top_padding=\u00a0\u00bb40&Prime; overlay_strength=\u00a0\u00bb0.3&Prime;][vc_column column_padding=\u00a0\u00bbno-extra-padding\u00a0\u00bb column_padding_position=\u00a0\u00bball\u00a0\u00bb background_color_opacity=\u00a0\u00bb1&Prime; background_hover_color_opacity=\u00a0\u00bb1&Prime; column_shadow=\u00a0\u00bbnone\u00a0\u00bb width=\u00a0\u00bb1\/1&Prime; tablet_text_alignment=\u00a0\u00bbdefault\u00a0\u00bb phone_text_alignment=\u00a0\u00bbdefault\u00a0\u00bb column_border_width=\u00a0\u00bbnone\u00a0\u00bb column_border_style=\u00a0\u00bbsolid\u00a0\u00bb][vc_column_text css=\u00a0\u00bb.vc_custom_1505799096667{margin-bottom: 40px !important;}\u00a0\u00bb]\n<h2>L&rsquo;\u00e9quipe<\/h2>\n[\/vc_column_text][vc_column_text css=\u00a0\u00bb.vc_custom_1506981866125{margin-bottom: 40px !important;}\u00a0\u00bb]Notre \u00e9quipe est compos\u00e9e de personnes exp\u00e9riment\u00e9es ayant de dix jusqu&rsquo;\u00e0 quarante ans d\u2019experience en pratique comptable aupr\u00e8s de petites et grandes entreprises.<\/p>\n<p>Nous avons beaucoup d&rsquo;exp\u00e9rience en:<\/p>\n<ul>\n<li>Audit interne<\/li>\n<li>Comptabilit\u00e9<\/li>\n<li>Conseil financier et de tr\u00e9sorerie<\/li>\n<li>Direction financi\u00e8re de PME<\/li>\n<li>Gestion de la paie<\/li>\n<li>Gestion des risques et des contr\u00f4les<\/li>\n<li>Pr\u00e9vention de la fraude<\/li>\n<\/ul>\n[\/vc_column_text][vc_column_text css=\u00a0\u00bb.vc_custom_1507645650575{margin-bottom: 40px !important;}\u00a0\u00bb]\n<h2>Certifications<\/h2>\n[\/vc_column_text][vc_column_text css=\u00a0\u00bb.vc_custom_1507645629602{margin-bottom: 40px !important;}\u00a0\u00bb]Notre \u00e9quipe a les certifications suivantes:<\/p>\n<ul>\n<li>Certified Public Accountant (CPA) \u00a0(\u00c9tats-Unis)<\/li>\n<li>Certified Fraud Examiner (CFE)<\/li>\n<li>Certified Global Management Accountant (CGMA)<\/li>\n<\/ul>\n[\/vc_column_text][\/vc_column][\/vc_row]\n","protected":false},"excerpt":{"rendered":"<p>[vc_row type=\u00a0\u00bbin_container\u00a0\u00bb full_screen_row_position=\u00a0\u00bbmiddle\u00a0\u00bb scene_position=\u00a0\u00bbcenter\u00a0\u00bb text_color=\u00a0\u00bbdark\u00a0\u00bb text_align=\u00a0\u00bbleft\u00a0\u00bb top_padding=\u00a0\u00bb40&Prime; overlay_strength=\u00a0\u00bb0.3&Prime;][vc_column column_padding=\u00a0\u00bbno-extra-padding\u00a0\u00bb column_padding_position=\u00a0\u00bball\u00a0\u00bb background_color_opacity=\u00a0\u00bb1&Prime; background_hover_color_opacity=\u00a0\u00bb1&Prime; column_shadow=\u00a0\u00bbnone\u00a0\u00bb width=\u00a0\u00bb1\/1&Prime; tablet_text_alignment=\u00a0\u00bbdefault\u00a0\u00bb phone_text_alignment=\u00a0\u00bbdefault\u00a0\u00bb column_border_width=\u00a0\u00bbnone\u00a0\u00bb column_border_style=\u00a0\u00bbsolid\u00a0\u00bb][vc_column_text css=\u00a0\u00bb.vc_custom_1505799096667{margin-bottom: 40px !important;}\u00a0\u00bb] L&rsquo;\u00e9quipe [\/vc_column_text][vc_column_text css=\u00a0\u00bb.vc_custom_1506981866125{margin-bottom: 40px !important;}\u00a0\u00bb]Notre \u00e9quipe est compos\u00e9e de&#8230;<\/p>\n","protected":false},"author":1,"featured_media":0,"parent":0,"menu_order":0,"comment_status":"closed","ping_status":"closed","template":"","meta":{"footnotes":""},"class_list":["post-2912","page","type-page","status-publish"],"_links":{"self":[{"href":"https:\/\/tfci.ca\/fr\/wp-json\/wp\/v2\/pages\/2912","targetHints":{"allow":["GET"]}}],"collection":[{"href":"https:\/\/tfci.ca\/fr\/wp-json\/wp\/v2\/pages"}],"about":[{"href":"https:\/\/tfci.ca\/fr\/wp-json\/wp\/v2\/types\/page"}],"author":[{"embeddable":true,"href":"https:\/\/tfci.ca\/fr\/wp-json\/wp\/v2\/users\/1"}],"replies":[{"embeddable":true,"href":"https:\/\/tfci.ca\/fr\/wp-json\/wp\/v2\/comments?post=2912"}],"version-history":[{"count":0,"href":"https:\/\/tfci.ca\/fr\/wp-json\/wp\/v2\/pages\/2912\/revisions"}],"wp:attachment":[{"href":"https:\/\/tfci.ca\/fr\/wp-json\/wp\/v2\/media?parent=2912"}],"curies":[{"name":"wp","href":"https:\/\/api.w.org\/{rel}","templated":true}]}}