{"id":2910,"date":"2017-08-22T15:44:03","date_gmt":"2017-08-22T15:44:03","guid":{"rendered":"http:\/\/www.tfci.ca\/join-us\/"},"modified":"2026-05-08T00:17:27","modified_gmt":"2026-05-08T00:17:27","slug":"joignez-equipe","status":"publish","type":"page","link":"https:\/\/tfci.ca\/fr\/joignez-equipe\/","title":{"rendered":"Joignez-vous \u00e0 l\u2019\u00e9quipe"},"content":{"rendered":"[vc_column column_padding=\u00a0\u00bbno-extra-padding\u00a0\u00bb column_padding_position=\u00a0\u00bball\u00a0\u00bb background_color_opacity=\u00a0\u00bb1&Prime; background_hover_color_opacity=\u00a0\u00bb1&Prime; column_shadow=\u00a0\u00bbnone\u00a0\u00bb width=\u00a0\u00bb1\/1&Prime; tablet_text_alignment=\u00a0\u00bbdefault\u00a0\u00bb phone_text_alignment=\u00a0\u00bbdefault\u00a0\u00bb column_border_width=\u00a0\u00bbnone\u00a0\u00bb column_border_style=\u00a0\u00bbsolid\u00a0\u00bb][\/vc_column][vc_column_text css=\u00a0\u00bb.vc_custom_1505799740058{margin-bottom: 40px !important;}\u00a0\u00bb]\n<h2>Exigences<\/h2>\n[\/vc_column_text][vc_column_text]\n<p>Chez TFCI, nous nous effor\u00e7ons de d\u00e9velopper la sant\u00e9 financi\u00e8re et administrative parmi le plus grand nombre de compagnies en besoin. Nous sommes toujours \u00e0 la recherche d\u2019individus motiv\u00e9s d\u00e9sirant se joindre \u00e0 nous pour nous aider \u00e0 accomplir notre mission. M\u00eame si la majorit\u00e9 des taches que vous serez tenus d\u2019accomplir sont r\u00e9sum\u00e9es dans la section des \u00ab Services \u00bb il arrive que nous recevions de nouvelles demandes qui sont parfois uniques de la part de nos clients.<\/p>\n<p>Ainsi, nous sommes \u00e0 la recherche de personnel avec un esprit dynamique, des individus qui d\u00e9sirent apprendre et travailler dans une firme offrant \u00e0 leurs clients une vaste gamme de services. Pour cette raison, nous recueillons les demandes d\u2019emplois provenant des \u00e9tudiants, lesquels nous t\u00e9moignent leurs ambitions et d\u00e9crivent leurs raisons pour lesquelles ils seraient un atout pour notre \u00e9quipe. Notre client\u00e8le diversifi\u00e9e comprend des organismes sans buts lucratifs, des \u00e9glises, des compagnies d\u2019importation et d\u2019exportation, des associations de placements et des entreprises de syst\u00e8mes de r\u00e9seau dans la r\u00e9gion de Montr\u00e9al et ses environs.<\/p>\n<p>Alors si:<\/p>\n<ul>\n<li>Vous \u00eates bilingue<\/li>\n<li>Vous poss\u00e9dez une formation en comptabilit\u00e9<\/li>\n<li>Vous \u00eates ouverts \u00e0 travailler \u00e0 temps partiel<\/li>\n<li>Vous \u00eates ouverts \u00e0 travailler sur un horaire flexible afin de nous aider \u00e0 fournir un service rapide \u00e0 nos clients<\/li>\n<li>Vous avez votre propre automobile pour visiter nos clients<\/li>\n<li>Vous avez une excellente connaissance des logiciels: Excel, Simple Comptable,\u00a0Sage50, Quickbooks Online, Maitres et Xero<\/li>\n<\/ul>\n<p>Soumettez votre candidature en envoyant votre cv au site : <a href=\"mailto:joinus@tfci.ca\" target=\"_blank\" rel=\"noopener noreferrer\">joinus@tfci.ca<\/a><\/p>\n[\/vc_column_text]\n","protected":false},"excerpt":{"rendered":"<p>[vc_column column_padding=\u00a0\u00bbno-extra-padding\u00a0\u00bb column_padding_position=\u00a0\u00bball\u00a0\u00bb background_color_opacity=\u00a0\u00bb1&Prime; background_hover_color_opacity=\u00a0\u00bb1&Prime; column_shadow=\u00a0\u00bbnone\u00a0\u00bb width=\u00a0\u00bb1\/1&Prime; tablet_text_alignment=\u00a0\u00bbdefault\u00a0\u00bb phone_text_alignment=\u00a0\u00bbdefault\u00a0\u00bb column_border_width=\u00a0\u00bbnone\u00a0\u00bb column_border_style=\u00a0\u00bbsolid\u00a0\u00bb][\/vc_column][vc_column_text css=\u00a0\u00bb.vc_custom_1505799740058{margin-bottom: 40px !important;}\u00a0\u00bb] Exigences [\/vc_column_text][vc_column_text] Chez TFCI, nous nous effor\u00e7ons de d\u00e9velopper la sant\u00e9 financi\u00e8re et administrative parmi le&#8230;<\/p>\n","protected":false},"author":1,"featured_media":0,"parent":0,"menu_order":0,"comment_status":"closed","ping_status":"closed","template":"","meta":{"footnotes":""},"class_list":["post-2910","page","type-page","status-publish"],"_links":{"self":[{"href":"https:\/\/tfci.ca\/fr\/wp-json\/wp\/v2\/pages\/2910","targetHints":{"allow":["GET"]}}],"collection":[{"href":"https:\/\/tfci.ca\/fr\/wp-json\/wp\/v2\/pages"}],"about":[{"href":"https:\/\/tfci.ca\/fr\/wp-json\/wp\/v2\/types\/page"}],"author":[{"embeddable":true,"href":"https:\/\/tfci.ca\/fr\/wp-json\/wp\/v2\/users\/1"}],"replies":[{"embeddable":true,"href":"https:\/\/tfci.ca\/fr\/wp-json\/wp\/v2\/comments?post=2910"}],"version-history":[{"count":0,"href":"https:\/\/tfci.ca\/fr\/wp-json\/wp\/v2\/pages\/2910\/revisions"}],"wp:attachment":[{"href":"https:\/\/tfci.ca\/fr\/wp-json\/wp\/v2\/media?parent=2910"}],"curies":[{"name":"wp","href":"https:\/\/api.w.org\/{rel}","templated":true}]}}